{"id":134,"date":"2016-12-21T03:01:38","date_gmt":"2016-12-21T03:01:38","guid":{"rendered":"https:\/\/ivonnes.fund\/?page_id=134"},"modified":"2018-07-23T10:50:16","modified_gmt":"2018-07-23T18:50:16","slug":"my-ride-with-her","status":"publish","type":"page","link":"https:\/\/ivonnes.fund\/es\/my-ride-with-her\/","title":{"rendered":"Mi viaje con ella"},"content":{"rendered":"<p><em>por Vladimir Lugo<\/em><\/p>\n<p>Ni siquiera s\u00e9 por d\u00f3nde comenzar a escribir estas cortas l\u00edneas.\u00a0Entonces voy a comenzar, bueno, desde el principio.<\/p>\n<h3>Que, \u00bfc\u00f3mo nos conocimos?<\/h3>\n<p>Ivonne ha sido el amor de mi vida por m\u00e1s de 31 a\u00f1os. El d\u00eda que nos conocimos manejaba el taxi de mi pap\u00e1. Yo estaba de camino al ensayo, y ella iba al mismo lugar que yo. Para mi sorpresa, ambos \u00e9ramos parte del mismo grupo de teatro en la iglesia.<\/p>\n<p>Se me acerc\u00f3 y pregunt\u00f3 sin titubear: \u00ab\u00bfNos\u00a0puedes llevar?\u00bb Ya t\u00fa sabes lo que yo dije; de otra forma no estar\u00edas leyendo esto.<\/p>\n<p>Ella estaba con una\u00a0amiga y se sentaron en el asiento trasero del carro. \u00bfQui\u00e9n era su amiga? Ni lo recuerdo. Mis ojos estaban fijados en Ivonne y desde entonces s\u00f3lo he tenido ojos para ella.<\/p>\n<p>Todav\u00eda recuerdo el conjunto que llevaba puesto. Llevaba puesto el resplandor del universo, una sonrisa Pepsodent, y un conjunto rosado y gris con estampas de viejos peri\u00f3dicos, pero quiz\u00e1s eso era lo \u00fanico viejo en nuestra vieja historia. Desde que la conoc\u00ed, se renueva cada vez que la cuento. Y como los viejos peri\u00f3dicos de su vestido, se han quedado\u00a0impresas en las retinas de ambos como las \u00faltimas noticias.<\/p>\n<p>La llev\u00e9 a nuestro ensayo de teatro en el cielo, sin saber que protagonizar\u00edamos nuestro propia comedia rom\u00e1ntica; la historia m\u00e1s sublime, divertida y sentida que haya escuchado, visto&#8230; vivido: la nuestra.<\/p>\n<p>Aquel d\u00eda se sent\u00f3 en el asiento trasero, pero el d\u00eda despu\u00e9s, el mes despu\u00e9s, el a\u00f1o despu\u00e9s, ella s\u00f3lo\u00a0va conmigo en el asiento delantero, cerquita de m\u00ed, en este viaje nuestro que llamamos vida.<\/p>\n<p>Aquel d\u00eda me qued\u00e9 mudo cuando la v\u00ed y desde entonces empa\u00f1amos el espejo de nuestra historia juntos con cada aliento.<\/p>\n<h3>Que, \u00bfc\u00f3mo me siento?<\/h3>\n<p>Mis emociones corren desordenadas hoy tal y como aquel primer d\u00eda. Ver\u00e1s:<\/p>\n<p>Estoy emocionado de verla con la ventana que se abre cada ma\u00f1ana.<\/p>\n<p>Estoy expectante de saber a d\u00f3nde nos llevar\u00e1n nuestros viajes. Y debemos viajar a la penumbra.<\/p>\n<p>Ando reflexivo observando la vida por el lente de su brillante perspectiva. Siempre aprendiendo. Siempre convirti\u00e9ndome.<\/p>\n<p>Estoy incierto acerca deI futuro, pero incierto fue nuestro primer encuentro, y ha sido un viaje maravilloso.<\/p>\n<p>Estoy sin aliento cuando veo su fortaleza a trav\u00e9s de su sollozante dolor.<\/p>\n<p>Soy afortunado de que a\u00fan tiene aliento y eso es ocasi\u00f3n para celebrale cada d\u00eda. Le honro cada d\u00eda. Le amo en verdad cada d\u00eda.<\/p>\n<p>Ella me pidi\u00f3 un avent\u00f3n, pero era yo el poliz\u00f3n en el vag\u00f3n de su coraz\u00f3n. Y eso me hizo el hombre que ahora soy.<\/p>\n<h3><strong>Que, \u00bfc\u00f3mo ayudaste?<\/strong><\/h3>\n<p>Por eso es que rogu\u00e9 tu ayuda. Quiero seguir llev\u00e1ndola de un lado para otro, seguir actuando con ella, seguir respirando al lado de ella, seguir honr\u00e1ndole y aprendiendo de ella. Tal vez esta sea la cosa m\u00e1s ego\u00edsta que he pedido en mi vida, pero tuve que pedir.<\/p>\n<blockquote>\n<h3 style=\"text-align: center;\">Diste vida y expresaste el amor<br \/>\nde una manera pr\u00e1ctica y compasiva, \u00a1muchas gracias!<\/h3>\n<\/blockquote>\n<p>El amor de mi vida necesit\u00f3 un trasplante para extender nuestra historia unas cuantas v\u00edas\u00a0m\u00e1s. Tu contribuci\u00f3n nos recogi\u00f3 en esa estaci\u00f3n y esa ser\u00e1 tu invitaci\u00f3n a venir con nosotros en nuestra nueva aventura.<\/p>","protected":false},"excerpt":{"rendered":"<p>por Vladimir Lugo Ni siquiera s\u00e9 por d\u00f3nde comenzar a escribir estas cortas l\u00edneas.\u00a0Entonces voy a comenzar, bueno, desde el principio. Que, \u00bfc\u00f3mo nos conocimos? Ivonne ha sido el amor de mi vida por m\u00e1s de 31 a\u00f1os. El d\u00eda que nos conocimos manejaba el taxi de mi pap\u00e1. Yo estaba de camino al ensayo, &hellip;<\/p>\n","protected":false},"author":1,"featured_media":218,"parent":0,"menu_order":0,"comment_status":"closed","ping_status":"closed","template":"","meta":{"footnotes":""},"class_list":["post-134","page","type-page","status-publish","has-post-thumbnail","hentry","grid-sizer"],"_links":{"self":[{"href":"https:\/\/ivonnes.fund\/es\/wp-json\/wp\/v2\/pages\/134","targetHints":{"allow":["GET"]}}],"collection":[{"href":"https:\/\/ivonnes.fund\/es\/wp-json\/wp\/v2\/pages"}],"about":[{"href":"https:\/\/ivonnes.fund\/es\/wp-json\/wp\/v2\/types\/page"}],"author":[{"embeddable":true,"href":"https:\/\/ivonnes.fund\/es\/wp-json\/wp\/v2\/users\/1"}],"replies":[{"embeddable":true,"href":"https:\/\/ivonnes.fund\/es\/wp-json\/wp\/v2\/comments?post=134"}],"version-history":[{"count":30,"href":"https:\/\/ivonnes.fund\/es\/wp-json\/wp\/v2\/pages\/134\/revisions"}],"predecessor-version":[{"id":544,"href":"https:\/\/ivonnes.fund\/es\/wp-json\/wp\/v2\/pages\/134\/revisions\/544"}],"wp:featuredmedia":[{"embeddable":true,"href":"https:\/\/ivonnes.fund\/es\/wp-json\/wp\/v2\/media\/218"}],"wp:attachment":[{"href":"https:\/\/ivonnes.fund\/es\/wp-json\/wp\/v2\/media?parent=134"}],"curies":[{"name":"wp","href":"https:\/\/api.w.org\/{rel}","templated":true}]}}