{"id":16,"date":"2016-12-18T22:47:24","date_gmt":"2016-12-18T22:47:24","guid":{"rendered":"https:\/\/ivonnes.fund\/?page_id=16"},"modified":"2024-05-02T11:20:30","modified_gmt":"2024-05-02T19:20:30","slug":"about-ivonne-cabral","status":"publish","type":"page","link":"https:\/\/ivonnes.fund\/es\/about-ivonne-cabral\/","title":{"rendered":"Su vida ejemplar"},"content":{"rendered":"<p class=\"has-drop-cap\">Ivonne Cabral es una mujer ejemplar. Se ha dedicado a influenciar la vida de muchos a su alrededor; no s\u00f3lo de su familia, de su esposo por 28 a\u00f1os y sus dos hijas, sino de cientos de ni\u00f1os que han aprendido los fundamentos de la vida en&nbsp;sus salones de clase.<\/p>\n\n\n\n<h3 class=\"wp-block-heading\">Su&nbsp;historia<\/h3>\n\n\n\n<p>Comenz\u00f3 su carrera profesional como maestra de educaci\u00f3n especial en su pa\u00eds de crianza, Venezuela, donde con paciencia y dedicaci\u00f3n instru\u00eda a ni\u00f1os con necesidades especiales de aprendizaje y retardo mental. Sus m\u00e9todos poco ortodoxos ayudaron a muchos de estos ni\u00f1os a desarrollar habilidades vocacionales cuando las habilidades acad\u00e9micas se ve\u00edan impedidas, muchos de los cu\u00e1les ya se incorporaron a la vida social.<\/p>\n\n\n\n<p>Vivi\u00f3 en Puerto Rico antes de mudarse al Sur de California para que su esposo cursara estudios de preparaci\u00f3n en el ministerio cristiano. Desde entonces, dedic\u00f3 su vida a la formaci\u00f3n del menor en ese pa\u00eds. Como maestra certificada, decidi\u00f3 enfocarse en los infantes de temprana edad, sabiendo que los primeros a\u00f1os de vida son los m\u00e1s importantes en la formaci\u00f3n integral de la persona. Esto le gan\u00f3 la admiraci\u00f3n de padres y personal a la vez que le permiti\u00f3 hacer amistades de largo plazo.<\/p>\n\n\n\n<h3 class=\"wp-block-heading\">Su lucha<\/h3>\n\n\n\n<p>Por m\u00e1s de 10 a\u00f1os que Ivonne estuvo batallando con los efectos degenerativos de la poliquistosis renal. En el 2014 se vio impedida para trabajar. La enfermedad limit\u00f3 su mobilidad, sus niveles de energ\u00eda y su capacidad de asistir a otros. Esto le caus\u00f3 mucho dolor en su coraz\u00f3n ya que el servir a otros siempre ha sido el proposito de su vida. Estuvo recibiendo tratamiento de di\u00e1lisis durante el 2016 y el 2017, y su salud se deterior\u00f3 abruptamente.<\/p>\n\n\n\n<h3 class=\"wp-block-heading\">Su renacer<\/h3>\n\n\n\n<p>Cientos de persona se unieron a la causa para salvarle la vida. El 25 de mayo del 2017, en el Hospital Pablo Tob\u00f3n Uribe, de Medell\u00edn, Colombia, recibi\u00f3 un transplante doble de h\u00edgado y ri\u00f1\u00f3n. Aunque la enfermedad no fue erradicada por completo, sus nuevos \u00f3rganos le permitieron renacer. A un a\u00f1o de tan complicada cirug\u00eda, Ivonne est\u00e1 utilizando su historia para inspirar a muchos otros que se pueden encontrar en situaciones similares.<\/p>\n\n\n\n<blockquote class=\"wp-block-quote is-layout-flow wp-block-quote-is-layout-flow\">\n<h3 class=\"wp-block-heading\">Si quieres dar vida&nbsp;y&nbsp;expresar el amor<br>de una manera pr\u00e1ctica y compasiva, la oportunidad<br>siempre est\u00e1 a las puertas<\/h3>\n<\/blockquote>\n\n\n\n<p>Con humildad queremos agradecer a todas las personas que han hecho posible su recuperaci\u00f3n y participaron en su historia. Si conoces a Ivonne sabr\u00e1s lo dif\u00edcil que ha sido para ella\u2014y para los suyos\u2014este proceso. Sin embargo, su persitencia, su fortaleza, y su confianza en Dios, le permitieron salir a flote y convertirse en inspiraci\u00f3n y aliento para muchos. Su proceso de vida ahora se convirti\u00f3 en su mejor sal\u00f3n de clases, y su mensaje retador estimula a tantas personas desesperadas a encontrar prop\u00f3sito en medio de las dificultades de la vida.<\/p>\n\n\n\n<p>Ahora puedes disfrutar su historia sus lecciones aprendidas condensadas en su nuevo libro <a href=\"https:\/\/ivonnes.fund\/libro\">Cuando se te pausa la vida<\/a>.<\/p>\n\n\n\n<div class=\"wp-block-buttons is-content-justification-center is-layout-flex wp-container-core-buttons-is-layout-1 wp-block-buttons-is-layout-flex\">\n<div class=\"wp-block-button\"><a class=\"wp-block-button__link has-white-color has-vivid-cyan-blue-background-color has-text-color has-background has-link-color wp-element-button\">M\u00e1s informaci\u00f3n<\/a><\/div>\n<\/div>","protected":false},"excerpt":{"rendered":"<p>Ivonne Cabral es una mujer ejemplar. Se ha dedicado a influenciar la vida de muchos&#8230;<\/p>\n","protected":false},"author":1,"featured_media":30,"parent":0,"menu_order":0,"comment_status":"closed","ping_status":"closed","template":"","meta":{"footnotes":""},"class_list":["post-16","page","type-page","status-publish","has-post-thumbnail","hentry","grid-sizer"],"_links":{"self":[{"href":"https:\/\/ivonnes.fund\/es\/wp-json\/wp\/v2\/pages\/16","targetHints":{"allow":["GET"]}}],"collection":[{"href":"https:\/\/ivonnes.fund\/es\/wp-json\/wp\/v2\/pages"}],"about":[{"href":"https:\/\/ivonnes.fund\/es\/wp-json\/wp\/v2\/types\/page"}],"author":[{"embeddable":true,"href":"https:\/\/ivonnes.fund\/es\/wp-json\/wp\/v2\/users\/1"}],"replies":[{"embeddable":true,"href":"https:\/\/ivonnes.fund\/es\/wp-json\/wp\/v2\/comments?post=16"}],"version-history":[{"count":60,"href":"https:\/\/ivonnes.fund\/es\/wp-json\/wp\/v2\/pages\/16\/revisions"}],"predecessor-version":[{"id":1736,"href":"https:\/\/ivonnes.fund\/es\/wp-json\/wp\/v2\/pages\/16\/revisions\/1736"}],"wp:featuredmedia":[{"embeddable":true,"href":"https:\/\/ivonnes.fund\/es\/wp-json\/wp\/v2\/media\/30"}],"wp:attachment":[{"href":"https:\/\/ivonnes.fund\/es\/wp-json\/wp\/v2\/media?parent=16"}],"curies":[{"name":"wp","href":"https:\/\/api.w.org\/{rel}","templated":true}]}}