{"id":1659,"date":"2024-05-01T15:13:00","date_gmt":"2024-05-01T23:13:00","guid":{"rendered":"https:\/\/ivonnes.fund\/?page_id=1659"},"modified":"2024-05-02T10:06:00","modified_gmt":"2024-05-02T18:06:00","slug":"when-your-life-is-put-on-hold","status":"publish","type":"page","link":"https:\/\/ivonnes.fund\/es\/when-your-life-is-put-on-hold\/","title":{"rendered":"Cuando se te pausa la vida"},"content":{"rendered":"<p class=\"has-drop-cap\">Lidiar con una enfermedad cr\u00f3nica implica navegar por un mar de emociones turbulentas que fluct\u00faan entre la esperanza y la desesperaci\u00f3n. <\/p>\n\n\n\n<p>Los d\u00edas buenos pueden brindar alivio temporal y un destello de normalidad, mientras que los d\u00edas malos suelen estar plagados de dolor y frustraci\u00f3n, haciendo que la persona se sienta atrapada en su propio cuerpo. <\/p>\n\n\n\n<p>Este torbellino emocional, marcado por el miedo a lo desconocido y el desgaste de la lucha constante, que paraliza y pone una pausa en la vida; en los planes; en los sue\u00f1os.<\/p>","protected":false},"excerpt":{"rendered":"<p>Dealing with a chronic illness involves navigating a sea of turbulent emotions&#8230;<\/p>\n","protected":false},"author":1,"featured_media":1595,"parent":0,"menu_order":0,"comment_status":"closed","ping_status":"closed","template":"","meta":{"footnotes":""},"class_list":["post-1659","page","type-page","status-publish","has-post-thumbnail","hentry","grid-sizer"],"_links":{"self":[{"href":"https:\/\/ivonnes.fund\/es\/wp-json\/wp\/v2\/pages\/1659","targetHints":{"allow":["GET"]}}],"collection":[{"href":"https:\/\/ivonnes.fund\/es\/wp-json\/wp\/v2\/pages"}],"about":[{"href":"https:\/\/ivonnes.fund\/es\/wp-json\/wp\/v2\/types\/page"}],"author":[{"embeddable":true,"href":"https:\/\/ivonnes.fund\/es\/wp-json\/wp\/v2\/users\/1"}],"replies":[{"embeddable":true,"href":"https:\/\/ivonnes.fund\/es\/wp-json\/wp\/v2\/comments?post=1659"}],"version-history":[{"count":10,"href":"https:\/\/ivonnes.fund\/es\/wp-json\/wp\/v2\/pages\/1659\/revisions"}],"predecessor-version":[{"id":1709,"href":"https:\/\/ivonnes.fund\/es\/wp-json\/wp\/v2\/pages\/1659\/revisions\/1709"}],"wp:featuredmedia":[{"embeddable":true,"href":"https:\/\/ivonnes.fund\/es\/wp-json\/wp\/v2\/media\/1595"}],"wp:attachment":[{"href":"https:\/\/ivonnes.fund\/es\/wp-json\/wp\/v2\/media?parent=1659"}],"curies":[{"name":"wp","href":"https:\/\/api.w.org\/{rel}","templated":true}]}}