{"id":1710,"date":"2024-05-02T10:21:56","date_gmt":"2024-05-02T18:21:56","guid":{"rendered":"https:\/\/ivonnes.fund\/?page_id=1710"},"modified":"2024-05-02T10:40:43","modified_gmt":"2024-05-02T18:40:43","slug":"find-the-strength-to-press-play","status":"publish","type":"page","link":"https:\/\/ivonnes.fund\/es\/find-the-strength-to-press-play\/","title":{"rendered":"Halla la fuerza para continuar"},"content":{"rendered":"<p class=\"has-drop-cap\">Hallar la fuerza para \u00abcontinuar\u00bb de nuevo en la vida, a pesar de las dificultades y la desesperaci\u00f3n, es una traves\u00eda de resiliencia y transformaci\u00f3n que debes tener el valor de abrazar.<\/p>\n\n\n\n<p>Apela a esas reservas de fortaleza mental y emocional que no sab\u00edas que ten\u00edas. Haz que tus amigos, familiares y otros grupos de apoyo participen y te proporcionen de alivio emocional y consejos pr\u00e1cticos. Aprende lo m\u00e1s que puedas acerca de tu condici\u00f3n para que tomes decisiones informadas.<\/p>\n\n\n\n<p>Pero sobre todo, conf\u00eda en el poder de Dios, la resistencia de la esperanza y el milagro del amor.<\/p>","protected":false},"excerpt":{"rendered":"<p>Finding the strength to \u00abpress play\u00bb again on life, despite hardships and dispair, is&#8230;<\/p>\n","protected":false},"author":1,"featured_media":1714,"parent":0,"menu_order":0,"comment_status":"closed","ping_status":"closed","template":"","meta":{"footnotes":""},"class_list":["post-1710","page","type-page","status-publish","has-post-thumbnail","hentry","grid-sizer"],"_links":{"self":[{"href":"https:\/\/ivonnes.fund\/es\/wp-json\/wp\/v2\/pages\/1710","targetHints":{"allow":["GET"]}}],"collection":[{"href":"https:\/\/ivonnes.fund\/es\/wp-json\/wp\/v2\/pages"}],"about":[{"href":"https:\/\/ivonnes.fund\/es\/wp-json\/wp\/v2\/types\/page"}],"author":[{"embeddable":true,"href":"https:\/\/ivonnes.fund\/es\/wp-json\/wp\/v2\/users\/1"}],"replies":[{"embeddable":true,"href":"https:\/\/ivonnes.fund\/es\/wp-json\/wp\/v2\/comments?post=1710"}],"version-history":[{"count":4,"href":"https:\/\/ivonnes.fund\/es\/wp-json\/wp\/v2\/pages\/1710\/revisions"}],"predecessor-version":[{"id":1719,"href":"https:\/\/ivonnes.fund\/es\/wp-json\/wp\/v2\/pages\/1710\/revisions\/1719"}],"wp:featuredmedia":[{"embeddable":true,"href":"https:\/\/ivonnes.fund\/es\/wp-json\/wp\/v2\/media\/1714"}],"wp:attachment":[{"href":"https:\/\/ivonnes.fund\/es\/wp-json\/wp\/v2\/media?parent=1710"}],"curies":[{"name":"wp","href":"https:\/\/api.w.org\/{rel}","templated":true}]}}