{"id":1737,"date":"2024-05-02T11:50:07","date_gmt":"2024-05-02T19:50:07","guid":{"rendered":"https:\/\/ivonnes.fund\/?page_id=1737"},"modified":"2024-05-02T17:08:33","modified_gmt":"2024-05-03T01:08:33","slug":"know-the-author","status":"publish","type":"page","link":"https:\/\/ivonnes.fund\/es\/know-the-author\/","title":{"rendered":"Conoce a la autora"},"content":{"rendered":"<p class=\"has-drop-cap\">Ivonne Cabral, es una educadora, esposa, madre de dos hijas, y una guerrera de la enfermedad cr\u00f3nica, que camin\u00f3 el sendero del temor, el dolor y la incertidumbre, tal como t\u00fa. Con el entendimiento profundo de sus luchas y su experiencia triunfante, est\u00e1 aqu\u00ed para guiarte a trav\u00e9s de las sombras de tus propios retos.<\/p>\n\n\n\n<p>Acompa\u00f1a a Ivonne Cabral mientras comparte su historia inspiradora atravesando la enfermedad hasta el doble trasplante milagroso que cambi\u00f3 su vida.<\/p>\n\n\n\n<div class=\"wp-block-buttons is-content-justification-center is-layout-flex wp-container-core-buttons-is-layout-1 wp-block-buttons-is-layout-flex\">\n<div class=\"wp-block-button\"><a class=\"wp-block-button__link has-white-color has-cyan-bluish-gray-background-color has-text-color has-background has-link-color wp-element-button\" href=\"https:\/\/ivonnes.fund\/about-ivonne-cabral\" style=\"border-radius:15px\">M\u00e1s sobre Ivonne<\/a><\/div>\n<\/div>","protected":false},"excerpt":{"rendered":"<p>Ivonne Cabral, es una educadora, una guerrera de la enfermedad cr\u00f3nica, que camin\u00f3 el sendero del temor, el dolor y la incertidumbre&#8230;<\/p>\n","protected":false},"author":1,"featured_media":1753,"parent":0,"menu_order":0,"comment_status":"closed","ping_status":"closed","template":"","meta":{"footnotes":""},"class_list":["post-1737","page","type-page","status-publish","has-post-thumbnail","hentry","grid-sizer"],"_links":{"self":[{"href":"https:\/\/ivonnes.fund\/es\/wp-json\/wp\/v2\/pages\/1737","targetHints":{"allow":["GET"]}}],"collection":[{"href":"https:\/\/ivonnes.fund\/es\/wp-json\/wp\/v2\/pages"}],"about":[{"href":"https:\/\/ivonnes.fund\/es\/wp-json\/wp\/v2\/types\/page"}],"author":[{"embeddable":true,"href":"https:\/\/ivonnes.fund\/es\/wp-json\/wp\/v2\/users\/1"}],"replies":[{"embeddable":true,"href":"https:\/\/ivonnes.fund\/es\/wp-json\/wp\/v2\/comments?post=1737"}],"version-history":[{"count":15,"href":"https:\/\/ivonnes.fund\/es\/wp-json\/wp\/v2\/pages\/1737\/revisions"}],"predecessor-version":[{"id":1783,"href":"https:\/\/ivonnes.fund\/es\/wp-json\/wp\/v2\/pages\/1737\/revisions\/1783"}],"wp:featuredmedia":[{"embeddable":true,"href":"https:\/\/ivonnes.fund\/es\/wp-json\/wp\/v2\/media\/1753"}],"wp:attachment":[{"href":"https:\/\/ivonnes.fund\/es\/wp-json\/wp\/v2\/media?parent=1737"}],"curies":[{"name":"wp","href":"https:\/\/api.w.org\/{rel}","templated":true}]}}