{"id":1786,"date":"2024-05-03T06:18:09","date_gmt":"2024-05-03T14:18:09","guid":{"rendered":"https:\/\/ivonnes.fund\/?page_id=1786"},"modified":"2024-05-03T15:00:15","modified_gmt":"2024-05-03T23:00:15","slug":"get-the-book","status":"publish","type":"page","link":"https:\/\/ivonnes.fund\/es\/get-the-book\/","title":{"rendered":"Adquiere el Libro"},"content":{"rendered":"<h3 class=\"wp-block-heading\">Descubre un milagro entre nosotros<\/h3>\n\n\n\n<p><strong><em>Cuando se te pausa la vida<\/em><\/strong> narra la conmovedora y verdadera historia de Ivonne Cabral, una mujer que enfrent\u00f3 el desaf\u00edo m\u00e1s grande de su vida: una enfermedad cr\u00f3nica que la llev\u00f3 al borde de la muerte. A trav\u00e9s de sus p\u00e1ginas, Ivonne comparte su viaje desde el diagn\u00f3stico hasta el momento en que recibi\u00f3 un trasplante doble de h\u00edgado y ri\u00f1\u00f3n, transformando su lucha en una fuente de inspiraci\u00f3n y esperanza.<\/p>\n\n\n\n<h3 class=\"wp-block-heading\">Tiene sentido el sufrimiento<\/h3>\n\n\n\n<p>Este libro no solo narra la batalla de Ivonne contra su enfermedad, sino que tambi\u00e9n te invita a reflexionar sobre el poder del amor, la fuerza de la fe y la importancia de las relaciones en los momentos m\u00e1s dif\u00edciles. Con una voz honesta, \u00edntima y sensible,<strong><em> Cuando se te pausa la vida<\/em><\/strong> es una lectura obligatoria para quienes buscan encontrar luz en la oscuridad, significado en el sufrimiento y un prop\u00f3sito en medio del dolor.<\/p>\n\n\n\n<div class=\"wp-block-buttons is-content-justification-center is-layout-flex wp-container-core-buttons-is-layout-1 wp-block-buttons-is-layout-flex\">\n<div class=\"wp-block-button\"><a class=\"wp-block-button__link has-white-color has-luminous-vivid-orange-background-color has-text-color has-background has-link-color wp-element-button\" href=\"https:\/\/a.co\/d\/dAD2Aus\" style=\"border-radius:15px\" target=\"_blank\" rel=\"noreferrer noopener\"><strong>Adqui\u00e9relo por Amazon<\/strong><\/a><\/div>\n<\/div>\n\n\n\n<div style=\"height:50px\" aria-hidden=\"true\" class=\"wp-block-spacer\"><\/div>\n\n\n\n<div class=\"wp-block-columns is-layout-flex wp-container-core-columns-is-layout-1 wp-block-columns-is-layout-flex\">\n<div class=\"wp-block-column is-layout-flow wp-block-column-is-layout-flow\" style=\"flex-basis:60%\">\n<p>En sus p\u00e1ginas encontrar\u00e1s:<\/p>\n\n\n\n<ul class=\"wp-block-list\">\n<li>D\u00f3nde est\u00e1 Dios cuando sufrimos<\/li>\n\n\n\n<li>C\u00f3mo Dios abraza nuestra vulnerabilidad<\/li>\n\n\n\n<li>El poder sanador del Amor<\/li>\n\n\n\n<li>La provisi\u00f3n de esperanza durante las dificultades<\/li>\n\n\n\n<li>El rol de la fe<\/li>\n\n\n\n<li>El poder de una comunidad unida por una causa<\/li>\n\n\n\n<li>C\u00f3mo apoyar a un ser querido durante su crisis<\/li>\n<\/ul>\n<\/div>\n\n\n\n<div class=\"wp-block-column is-layout-flow wp-block-column-is-layout-flow\" style=\"flex-basis:40%\">\n<figure class=\"wp-block-image size-large is-resized\"><a href=\"https:\/\/a.co\/d\/dAD2Aus\" target=\"_blank\" rel=\"noreferrer noopener\"><img loading=\"lazy\" decoding=\"async\" width=\"767\" height=\"1024\" src=\"https:\/\/ivonnes.fund\/wp-content\/uploads\/2024\/05\/ivonnes-fund-cuando-se-te-pausa-la-vida-book-pile-02-767x1024.png\" alt=\"Ivonne's Fund: Cuando se te pausa la vida pila de libros\" class=\"wp-image-1806\" style=\"width:245px\" srcset=\"https:\/\/ivonnes.fund\/wp-content\/uploads\/2024\/05\/ivonnes-fund-cuando-se-te-pausa-la-vida-book-pile-02-767x1024.png 767w, https:\/\/ivonnes.fund\/wp-content\/uploads\/2024\/05\/ivonnes-fund-cuando-se-te-pausa-la-vida-book-pile-02-225x300.png 225w, https:\/\/ivonnes.fund\/wp-content\/uploads\/2024\/05\/ivonnes-fund-cuando-se-te-pausa-la-vida-book-pile-02-768x1025.png 768w, https:\/\/ivonnes.fund\/wp-content\/uploads\/2024\/05\/ivonnes-fund-cuando-se-te-pausa-la-vida-book-pile-02-45x60.png 45w, https:\/\/ivonnes.fund\/wp-content\/uploads\/2024\/05\/ivonnes-fund-cuando-se-te-pausa-la-vida-book-pile-02.png 1045w\" sizes=\"auto, (max-width: 767px) 100vw, 767px\" \/><\/a><\/figure>\n<\/div>\n<\/div>\n\n\n\n<section id=\"testimonial_section\" class=\"testimonial-section\">\n<section id=\"bttk_testimonial_widget-21\" class=\"widget widget_bttk_testimonial_widget\">\t\t\n\t<div class=\"bttk-testimonial-holder\">\n\t\t<div class=\"bttk-testimonial-inner-holder\">\n\t\t\t<div class=\"img-holder\">\n\t\t\t\t<img loading=\"lazy\" width=\"150\" height=\"150\" src=\"https:\/\/ivonnes.fund\/wp-content\/uploads\/2024\/05\/ivonnes_fund_book_reviews_testimonials_ichavez-150x150.jpg\" class=\"attachment-thumbnail size-thumbnail\" alt=\"Isbeth Ch\u00e1vez\" decoding=\"async\" srcset=\"https:\/\/ivonnes.fund\/wp-content\/uploads\/2024\/05\/ivonnes_fund_book_reviews_testimonials_ichavez-150x150.jpg 150w, https:\/\/ivonnes.fund\/wp-content\/uploads\/2024\/05\/ivonnes_fund_book_reviews_testimonials_ichavez-60x60.jpg 60w, https:\/\/ivonnes.fund\/wp-content\/uploads\/2024\/05\/ivonnes_fund_book_reviews_testimonials_ichavez.jpg 208w\" sizes=\"auto, (max-width: 150px) 100vw, 150px\">\t\t\t\t\t\t<\/div>\n\t\t\t\t\t\t\t\n\t\t\t<div class=\"text-holder\">\n\t\t\t\t<div class=\"testimonial-meta\">\n\t\t\t<span class=\"name\">Isbeth Ch\u00e1vez<\/span><span class=\"designation\">Educadora<\/span>\t\t\t\t\t\t\t\t<\/div>                              \n\t\t\t\t<div class=\"testimonial-content\"><p>Ahora tenemos a un Padre que quita la mano del bot\u00f3n de pausa para seguirnos bendiciendo con mayor profundidad y sentido\u2026 hasta las pausas m\u00e1s dolorosas pueden darnos el mayor y \u00fanico sentido de lo que vale la pena: \u00a1VIVIR!<\/p>\n\t\t\t\t<\/div>\n\t\t\t<\/div>\n\t\t<\/div>\n\t<\/div>\n<\/section>\n<section id=\"bttk_testimonial_widget-23\" class=\"widget widget_bttk_testimonial_widget\">\t\t\n\t<div class=\"bttk-testimonial-holder\">\n\t\t<div class=\"bttk-testimonial-inner-holder\">\n\t\t\t<div class=\"img-holder\">\n\t\t\t\t<img loading=\"lazy\" width=\"150\" height=\"150\" src=\"https:\/\/ivonnes.fund\/wp-content\/uploads\/2024\/05\/ivonnes_fund_book_reviews_testimonials_csabogal-150x150.jpg\" class=\"attachment-thumbnail size-thumbnail\" alt=\"Camila Sabogal\" decoding=\"async\" srcset=\"https:\/\/ivonnes.fund\/wp-content\/uploads\/2024\/05\/ivonnes_fund_book_reviews_testimonials_csabogal-150x150.jpg 150w, https:\/\/ivonnes.fund\/wp-content\/uploads\/2024\/05\/ivonnes_fund_book_reviews_testimonials_csabogal-60x60.jpg 60w, https:\/\/ivonnes.fund\/wp-content\/uploads\/2024\/05\/ivonnes_fund_book_reviews_testimonials_csabogal.jpg 208w\" sizes=\"auto, (max-width: 150px) 100vw, 150px\">\t\t\t\t\t<\/div>\n\t\t\t\t\t\t\t\n\t\t\t<div class=\"text-holder\">\n\t\t\t\t<div class=\"testimonial-meta\">\n\t\t\t\t\t<span class=\"name\">Camila Sabogal<\/span><span class=\"designation\">Trabajadora social<\/span>\t\t\t\t\t\t<\/div>                              \n\t\t\t\t<div class=\"testimonial-content\"><p>\u00a1Inspiradora, desafiante y reconfortante! \u00abCuando se te pausa la vida\u00bb es una obra que cautiva desde el primer instante. Agradezco profundamente tu honestidad y apertura al compartir tu transformaci\u00f3n bajo el fuego de la adversidad.<\/p>\n\t\t\t\t<\/div>\n\t\t\t<\/div>\n\t\t<\/div>\n\t<\/div>\n<\/section>\n<\/section>\n\n\n\n<h3 class=\"wp-block-heading\">Una traves\u00eda devocional<\/h3>\n\n\n\n<p>Ideal para lectores interesados en historias reales de superaci\u00f3n, espiritualidad, y aquellos que enfrentan enfermedades cr\u00f3nicas o situaciones de vida desafiantes. Encuentra en este libro una gu\u00eda devocional para nutrir tu alma, fortalecer tu fe y descubrir que, incluso en las pruebas m\u00e1s duras, no estamos solos.<\/p>\n\n\n\n<p><strong><em>Cuando se te pausa la vida<\/em><\/strong> es un testimonio poderoso que nos recuerda que, con fe y determinaci\u00f3n, podemos superar cualquier obst\u00e1culo. Sum\u00e9rgete en la historia de Ivonne y permite que su viaje te inspire a mirar m\u00e1s all\u00e1 de tus circunstancias y a abrazar cada d\u00eda con gratitud y esperanza<\/p>\n\n\n\n<div class=\"wp-block-buttons is-content-justification-center is-layout-flex wp-container-core-buttons-is-layout-2 wp-block-buttons-is-layout-flex\">\n<div class=\"wp-block-button\"><a class=\"wp-block-button__link has-white-color has-luminous-vivid-orange-background-color has-text-color has-background has-link-color wp-element-button\" href=\"https:\/\/a.co\/d\/dAD2Aus\" style=\"border-radius:15px\" target=\"_blank\" rel=\"noreferrer noopener\"><strong>Adqui\u00e9relo por Amazon<\/strong><\/a><\/div>\n<\/div>","protected":false},"excerpt":{"rendered":"<p>Life on Hold tells the moving and true story of Ivonne Cabral, a woman who faced the greatest challenge of her life: a chronic illness that brought her to the brink of death. Through its pages, Ivonne shares her journey from diagnosis to the moment she received a double liver and kidney transplant, transforming her struggle into a source of inspiration and hope&#8230;.<\/p>\n","protected":false},"author":1,"featured_media":1791,"parent":0,"menu_order":0,"comment_status":"closed","ping_status":"closed","template":"","meta":{"footnotes":""},"class_list":["post-1786","page","type-page","status-publish","has-post-thumbnail","hentry","grid-sizer"],"_links":{"self":[{"href":"https:\/\/ivonnes.fund\/es\/wp-json\/wp\/v2\/pages\/1786","targetHints":{"allow":["GET"]}}],"collection":[{"href":"https:\/\/ivonnes.fund\/es\/wp-json\/wp\/v2\/pages"}],"about":[{"href":"https:\/\/ivonnes.fund\/es\/wp-json\/wp\/v2\/types\/page"}],"author":[{"embeddable":true,"href":"https:\/\/ivonnes.fund\/es\/wp-json\/wp\/v2\/users\/1"}],"replies":[{"embeddable":true,"href":"https:\/\/ivonnes.fund\/es\/wp-json\/wp\/v2\/comments?post=1786"}],"version-history":[{"count":38,"href":"https:\/\/ivonnes.fund\/es\/wp-json\/wp\/v2\/pages\/1786\/revisions"}],"predecessor-version":[{"id":1858,"href":"https:\/\/ivonnes.fund\/es\/wp-json\/wp\/v2\/pages\/1786\/revisions\/1858"}],"wp:featuredmedia":[{"embeddable":true,"href":"https:\/\/ivonnes.fund\/es\/wp-json\/wp\/v2\/media\/1791"}],"wp:attachment":[{"href":"https:\/\/ivonnes.fund\/es\/wp-json\/wp\/v2\/media?parent=1786"}],"curies":[{"name":"wp","href":"https:\/\/api.w.org\/{rel}","templated":true}]}}