{"id":2,"date":"2016-12-18T19:40:29","date_gmt":"2016-12-18T19:40:29","guid":{"rendered":"http:\/\/ivonnes.fund\/?page_id=2"},"modified":"2018-07-23T11:13:42","modified_gmt":"2018-07-23T19:13:42","slug":"sample-page","status":"publish","type":"page","link":"https:\/\/ivonnes.fund\/es\/sample-page\/","title":{"rendered":"Unidos para salvar"},"content":{"rendered":"<p>Adem\u00e1s de amiga, hermana, madre y esposa, Ivonne es un ser humano excepcional, quien a lo largo de su vida ha llevado puesta una sonrisa tan brillante que fortalece y anima a quienes la conocen. En esta ocasi\u00f3n es ella quien necesit\u00f3 0fortaleza.<\/p>\n<h3>Su\u00a0enfermedad<\/h3>\n<p>Durante los \u00faltimos a\u00f1os la salud de Ivonne ha mermado a causa de una enfermedad renal llamada Poliquistosis Renal. La poliquistosis renal es\u00a0una enfermedad gen\u00e9tica\u00a0cr\u00f3nica, la cual degenera los ri\u00f1ones y otros \u00f3rganos. Los quistes malignos se multiplican y crecen\u00a0en el ri\u00f1\u00f3n y lo da\u00f1an. Hasta este momento, no hay cura conocida para esta enfermedad.<\/p>\n<p>En el caso de Ivonne, esos quistes crecieron a niveles tan graves, que colapsaron sus dos ri\u00f1ones y su\u00a0h\u00edgado. Ivonne sufri\u00f3 de dolores constantes, tuvo que dializarse tres veces por semana y estuvo hospitalizada en diferentes ocasiones cuando los quistes se rompieron o cuando se tuvo que drenar el exceso de fluido en sus otros \u00f3rganos.<\/p>\n<h3>Su soluci\u00f3n<\/h3>\n<p>Para salvar su vida, Ivonne necesit\u00f3 de un doble trasplante de h\u00edgado y ri\u00f1\u00f3n en Colombia, ya que en California\u2014como en el resto de los Estados Unidos\u2014conseguir los \u00f3rganos para este tipo de trasplante puede tardarse hasta 10 a\u00f1os. Ivonne no dispuso de ese tiempo. Por ese motivo, su familia busc\u00f3 alternativas en Medell\u00edn, Colombia, donde fue operada en mayo del 2017 con mucho \u00e9xito.<\/p>\n<h3>Tu participaci\u00f3n<\/h3>\n<p>Cientos se movilizaron para cubrir los costos de los gastos pre y post operatorios. En total se recaudaron USD $150.550,00, un monto que la familia no dispon\u00eda pero que, con la participaci\u00f3n, la creatividad, y la generosidad de todos sirvi\u00f3 para sufragar todos los gastos.<\/p>\n<blockquote>\n<blockquote>\n<h3 style=\"text-align: center;\">Si quieres dar vida\u00a0y\u00a0expresar el amor<br \/>\nde una manera pr\u00e1ctica y compasiva, la oportunidad<br \/>\nsiempre est\u00e1 a las puertas<\/h3>\n<\/blockquote>\n<\/blockquote>\n<p>Con humildad queremos agradecer a todas las personas que han hecho posible su recuperaci\u00f3n y participaron en su historia. Si conoces a Ivonne sabr\u00e1s lo dif\u00edcil que ha sido para ella\u2014y para los suyos\u2014este proceso. Sin embargo, su persitencia, su fortaleza, y su confianza en Dios, le permitieron salir a flote y convertirse en inspiraci\u00f3n y aliento para muchos. Su proceso de vida ahora se convirti\u00f3 en su mejor sal\u00f3n de clases, y su mensaje retador estimula a tantas personas desesperadas a encontrar prop\u00f3sito en medio de las dificultades de la vida.<\/p>","protected":false},"excerpt":{"rendered":"<p>Adem\u00e1s de amiga, hermana, madre y esposa, Ivonne es un ser humano excepcional, quien a lo largo de su vida ha llevado puesta una sonrisa tan brillante que fortalece y anima a quienes la conocen. En esta ocasi\u00f3n es ella quien necesit\u00f3 0fortaleza. Su\u00a0enfermedad Durante los \u00faltimos a\u00f1os la salud de Ivonne ha mermado a &hellip;<\/p>\n","protected":false},"author":1,"featured_media":33,"parent":0,"menu_order":0,"comment_status":"closed","ping_status":"open","template":"","meta":{"footnotes":""},"class_list":["post-2","page","type-page","status-publish","has-post-thumbnail","hentry","grid-sizer"],"_links":{"self":[{"href":"https:\/\/ivonnes.fund\/es\/wp-json\/wp\/v2\/pages\/2","targetHints":{"allow":["GET"]}}],"collection":[{"href":"https:\/\/ivonnes.fund\/es\/wp-json\/wp\/v2\/pages"}],"about":[{"href":"https:\/\/ivonnes.fund\/es\/wp-json\/wp\/v2\/types\/page"}],"author":[{"embeddable":true,"href":"https:\/\/ivonnes.fund\/es\/wp-json\/wp\/v2\/users\/1"}],"replies":[{"embeddable":true,"href":"https:\/\/ivonnes.fund\/es\/wp-json\/wp\/v2\/comments?post=2"}],"version-history":[{"count":41,"href":"https:\/\/ivonnes.fund\/es\/wp-json\/wp\/v2\/pages\/2\/revisions"}],"predecessor-version":[{"id":548,"href":"https:\/\/ivonnes.fund\/es\/wp-json\/wp\/v2\/pages\/2\/revisions\/548"}],"wp:featuredmedia":[{"embeddable":true,"href":"https:\/\/ivonnes.fund\/es\/wp-json\/wp\/v2\/media\/33"}],"wp:attachment":[{"href":"https:\/\/ivonnes.fund\/es\/wp-json\/wp\/v2\/media?parent=2"}],"curies":[{"name":"wp","href":"https:\/\/api.w.org\/{rel}","templated":true}]}}