{"id":202,"date":"2017-05-23T12:01:16","date_gmt":"2017-05-23T20:01:16","guid":{"rendered":"https:\/\/ivonnes.fund\/?page_id=202"},"modified":"2018-07-23T10:42:14","modified_gmt":"2018-07-23T18:42:14","slug":"medical-information","status":"publish","type":"page","link":"https:\/\/ivonnes.fund\/es\/medical-information\/","title":{"rendered":"Informaci\u00f3n m\u00e9dica"},"content":{"rendered":"<p>Queremos proveerte del trasfondo m\u00e9dico de Ivoinne para que puedas entender su diagn\u00f3stico y sus planes para obtener una cirug\u00eda de trasplante en un pa\u00eds extranjero.<\/p>\n<h3>Diagn\u00f3stico<\/h3>\n<p>Ivonne fue diagnosticada con PQR (poliquistosis renal) cuando ten\u00eda 21 a\u00f1os de edad. En aquel tiempo, nadie en su c\u00edrculo familiar conoc\u00eda lo que significaba vivir con esta enfermedad, ni siquiera los m\u00e9dicos. Ellos le dijeron que ella podr\u00eda vivir una muy larga y saludable vida con ese diagn\u00f3stico; que no se preocupara.<\/p>\n<p>Con el paso de los a\u00f1os aprendimos que ha habido mucha ignorancia sobre la enfermedad en la ciencia m\u00e9dica y que muy pocos trataron de hacer algo para remediarla. En otras palabras, Ivonne tuvo que pasar de mano en mano de varios doctores que no entend\u00edan los detalles de la enfermedad y en muchas ocasiones hasta le recomendaron tratamientos desfavorables.<\/p>\n<h3>Historia familiar<\/h3>\n<p>Muchos miembros de su familia han alcanzado las etapas cr\u00f3nicas de la enfermedad y han presentado fallo renal. El primero en perder la vida fue un primo que vivi\u00f3 con la familia cuando apenas hab\u00edan llegado a vivir a California. Despu\u00e9s perdi\u00f3 a su padre tras batallar contra la enfermedad por 8 a\u00f1os en di\u00e1lisis.<\/p>\n<p>Mientras escribimos esta informaci\u00f3n, 26 miembros de su familia han recibido el fat\u00eddico diagn\u00f3stico y viven con los estragos de PQR en varios estados de su degeneracion renal y hep\u00e1tica.<\/p>\n<p>Su hermana es una sobreviviente muy fuerte de un transplante similar de h\u00edgado y ri\u00f1on. Su sobrino, el hijo mayor de esta hermana, tambi\u00e9n se tuvo que relocalizar en Colombia y acaba de completar los ex\u00e1menes de protocolo m\u00e9dico para poder entrar a la lista de trasplante.<\/p>\n<p>Esta enfermedad no da tregua. No discrimina si eres hombre o mujer. Nunca se salta una generaci\u00f3n. Las probabilidades de que se herede a las siguientes generaciones\u00a0son siempre 50-50. Y no existe ninguna cura conocida, excepto lo que los doctores llaman, terapia de reemplazo, es decir, un complicado trasplante.<\/p>\n<h3>Por qu\u00e9\u00a0Colombia<\/h3>\n<p>Ivonne naci\u00f3 en\u00a0Colombia. Sus padres se mudaron para Venezuela cuando ella apenas ten\u00eda 3 a\u00f1os de edad, pero gracias a su derecho de nacimiento, ella pudo reclamar su ciudadan\u00eda colombiana.<\/p>\n<p>Esto es importante porque le ha permitido seguirle los pasos a su hermana, quien recibiera el mismo doble trasplante de h\u00edgado y ri\u00f1\u00f3n que Ivonne necesita quince a\u00f1os atr\u00e1s, y quien a\u00fan vive. Ivonne est\u00e1 siendo atendida por la misma bater\u00eda de doctores que atendieron la cirug\u00eda de su hermana. Esto nos llena de confianza y sabemos que todo saldr\u00e1 bien cuando llegue el momento.<\/p>\n<p>Han habido dos cambios recientes en la legislaci\u00f3n colombiana que vale la pena mencionar:<\/p>\n<ol>\n<li>S\u00f3lo los ciudadanos colombianos pueden recibir trasplantes de organos en el pa\u00eds. Este es un hecho favorable porque disminuye las oportunidades de que se cree un mercado negro de \u00f3rganos a casi cero. En otras palabras, el procedimiento es completamente legal.<\/li>\n<li>Todo colombiano es un donante autom\u00e1tico por ley, a menos que ellos decidan no serlo. La mayor\u00eda de la gente no salen voluntariamente de la lista de donante, sino que est\u00e1n inclinados a donar sus \u00f3rganos al morir. Desde que la ley entr\u00f3 en vigencia a principios de este a\u00f1o, el n\u00famero de trasplantes ha crecido, haciendo que la espera sea mucho m\u00e1s corta para pacientes como Ivonne (la espera en Colombia es de pocos meses en lugar de muchos a\u00f1os).<\/li>\n<\/ol>\n<h3>Actualizaciones<\/h3>\n<p>Para el 23 de mayo de\u00a02017, Ivonne lleva en la lista de trasplante dos meses. Ella se somete a ex\u00e1menes de compatibilidad cada mes para asegurarse de que los doctores y los t\u00e9cnicos biom\u00e9dicos encuentren el donante m\u00e1s compatible posible con respecto a su tipo de sangre, sistema inmunol\u00f3gico, y composici\u00f3n gen\u00e9tica.<\/p>\n<p>El 25 de mayo de 2017, Ivonne fue trasplantada de h\u00edgado y ri\u00f1\u00f3n, de un j\u00f3ven donante de 22 a\u00f1os de edad. Ella se recupera muy bien en el hospital. Puedes seguir las actualizaciones m\u00e1s frecuentes en nuestra p\u00e1gina en Facebook:\u00a0<a href=\"https:\/\/facebook.com\/ivonnesfund\">https:\/\/facebook.com\/ivonnesfund<\/a>.<\/p>\n<p>El 9 de junio de 2017, a Ivonne le dieron de alta y se fue a su apartamento rentado en Medellin, Colombia. Su recuperaci\u00f3n sigue con buen pie. Ella tendr\u00e1 que visitar a los m\u00e9dicos cirujanos una vez por semana para asegurarse de que su cuerpo sigue respondiendo bien a sus nuevos \u00f3rganos.<\/p>\n<p>Para el 25 de mayo de 2018, Ivonne se ha recuperado completamente de la cirug\u00eda. Se mantiene fuerte y esperanzada. Ella comparte su historia transformadora con muchos, inspir\u00e1ndoles y ret\u00e1ndoles a vivir vidas con prop\u00f3sitos m\u00e1s elevados.<\/p>\n<p>Nuestra actitud est\u00e1 por todo lo alto, nuestro coraz\u00f3n est\u00e1 lleno de paz, y nuestras esperanzas no cesan.<\/p>\n<p>Gracias por su apoyo.<\/p>","protected":false},"excerpt":{"rendered":"<p>Queremos proveerte del trasfondo m\u00e9dico de Ivoinne para que puedas entender su diagn\u00f3stico y sus planes para obtener una cirug\u00eda de trasplante en un pa\u00eds extranjero. Diagn\u00f3stico Ivonne fue diagnosticada con PQR (poliquistosis renal) cuando ten\u00eda 21 a\u00f1os de edad. En aquel tiempo, nadie en su c\u00edrculo familiar conoc\u00eda lo que significaba vivir con esta &hellip;<\/p>\n","protected":false},"author":1,"featured_media":226,"parent":0,"menu_order":0,"comment_status":"closed","ping_status":"closed","template":"","meta":{"footnotes":""},"class_list":["post-202","page","type-page","status-publish","has-post-thumbnail","hentry","grid-sizer"],"_links":{"self":[{"href":"https:\/\/ivonnes.fund\/es\/wp-json\/wp\/v2\/pages\/202","targetHints":{"allow":["GET"]}}],"collection":[{"href":"https:\/\/ivonnes.fund\/es\/wp-json\/wp\/v2\/pages"}],"about":[{"href":"https:\/\/ivonnes.fund\/es\/wp-json\/wp\/v2\/types\/page"}],"author":[{"embeddable":true,"href":"https:\/\/ivonnes.fund\/es\/wp-json\/wp\/v2\/users\/1"}],"replies":[{"embeddable":true,"href":"https:\/\/ivonnes.fund\/es\/wp-json\/wp\/v2\/comments?post=202"}],"version-history":[{"count":14,"href":"https:\/\/ivonnes.fund\/es\/wp-json\/wp\/v2\/pages\/202\/revisions"}],"predecessor-version":[{"id":543,"href":"https:\/\/ivonnes.fund\/es\/wp-json\/wp\/v2\/pages\/202\/revisions\/543"}],"wp:featuredmedia":[{"embeddable":true,"href":"https:\/\/ivonnes.fund\/es\/wp-json\/wp\/v2\/media\/226"}],"wp:attachment":[{"href":"https:\/\/ivonnes.fund\/es\/wp-json\/wp\/v2\/media?parent=202"}],"curies":[{"name":"wp","href":"https:\/\/api.w.org\/{rel}","templated":true}]}}