{"id":232,"date":"2016-12-26T21:54:03","date_gmt":"2016-12-26T21:54:03","guid":{"rendered":"https:\/\/ivonnes.fund\/?page_id=232"},"modified":"2018-07-23T09:33:50","modified_gmt":"2018-07-23T17:33:50","slug":"i-still-need-you","status":"publish","type":"page","link":"https:\/\/ivonnes.fund\/es\/i-still-need-you\/","title":{"rendered":"Te necesito a\u00fan"},"content":{"rendered":"<p><em>por Johanna Lugo<\/em><\/p>\n<p>Cuando era una beb\u00e9 necesit\u00e9 que me alimentaras y cambiaras mis pa\u00f1ales. Necesit\u00e9 sentir\u00a0tu\u00a0calor\u00a0y escuchar tu voz\u00a0para calmarme. Necesit\u00e9 que entendieras mis\u00a0llantos\u00a0y me amaras a pesar de las noches de insomnio.<\/p>\n<p>Cuando era peque\u00f1ita necesit\u00e9 que me dijeras que\u00a0morder a los\u00a0dem\u00e1s no era algo amable de hacer y que los\u00a0bichos no se com\u00edan. Necesit\u00e9 que me ense\u00f1aras a diferenciar los colores y a agarrar el lapiz como es debido. Necesit\u00e9 que\u00a0fueras paciente\u00a0cuando\u00a0hac\u00eda un desastre\u00a0y de todas\u00a0maneras dejaras que mi creatividad floreciera.<\/p>\n<p>Cuando era una ni\u00f1a necesit\u00e9 que\u00a0me ense\u00f1aras a manejar la bicicleta\u00a0y que limpiaras\u00a0mis\u00a0raspones cuando\u00a0me ca\u00eda. Necesit\u00e9 verte en la audiencia\u00a0cuando me entregaban\u00a0un premio y que\u00a0gritaras\u00a0por m\u00ed en los juegos de baloncesto. Necesit\u00e9 que me animaras a seguir tocando un instrumento y a que usara mis talentos\u00a0para servir a otros.<\/p>\n<p>Cuando era una adolescente\u00a0necesit\u00e9 que me dijeras cu\u00e1n hermosa\u00a0era sin importar la ropa que me pusiera. Necesit\u00e9 que me dejaras explorar mis pasiones y remendaras\u00a0mi coraz\u00f3n roto. Necesit\u00e9 que\u00a0me ense\u00f1aras a respetarme a m\u00ed misma y que\u00a0fuera\u00a0un buen modelo\u00a0a seguir para mi hermana.<\/p>\n<p>Cuando era estudiante\u00a0en la universidad, necesit\u00e9 tus recetas de cocina\u00a0por escrito y que\u00a0me recordaras\u00a0que\u00a0ese\u00a0ex\u00e1men no era el fin del mundo. Necesit\u00e9 que me dejaras\u00a0explorar el mundo\u00a0y me aterviera\u00a0a alcanzar\u00a0mis sue\u00f1os. Necesit\u00e9 que me recordaras que deb\u00eda confiar en Dios y que descansara en la seguridad de que mi futuro estaba en Sus manos.<\/p>\n<p>Ahora, ya soy\u00a0una\u00a0adulta; la verdad es que te necesito m\u00e1s que nunca.<\/p>\n<p>Necesito ver tu rostro\u00a0sonriente y o\u00edr tu chistes\u00a0cursis. Necesito escuchar\u00a0tu voz\u00a0cantando\u00a0en la ducha y sentir tus\u00a0suaves manos sobre las m\u00edas. Necesito verte\u00a0saludable otra vez.<\/p>\n<p>Necesito que me ense\u00f1es a ser fuerte\u00a0y a no dejar que\u00a0mi fe\u00a0desfallezca. Necesito que sigas siendo todo lo que\u00a0has sido para m\u00ed, para mi hermana, y que sigas amando\u00a0a mi pap\u00e1 tan\u00a0incodicionalmente c\u00f3mo lo has hecho.<\/p>\n<p>Necesito que est\u00e9s en mi boda y que celebres todos nuestros logros. Necesito que me ense\u00f1es a ser una buena esposa y una\u00a0mejor madre. Necesito que\u00a0consientas a mis\u00a0hijos\u00a0y me aconsejes\u00a0en las decisiones cruciales de la vida. Necesito que me digas que no debo preocuparme y que conf\u00ede que todas las cosas ayudan a bien.<\/p>\n<p>Te necesito a\u00fan, mam\u00e1. Siempre te he necesitado y siempre te necesitar\u00e9.<\/p>","protected":false},"excerpt":{"rendered":"<p>por Johanna Lugo Cuando era una beb\u00e9 necesit\u00e9 que me alimentaras y cambiaras mis pa\u00f1ales. Necesit\u00e9 sentir\u00a0tu\u00a0calor\u00a0y escuchar tu voz\u00a0para calmarme. Necesit\u00e9 que entendieras mis\u00a0llantos\u00a0y me amaras a pesar de las noches de insomnio. Cuando era peque\u00f1ita necesit\u00e9 que me dijeras que\u00a0morder a los\u00a0dem\u00e1s no era algo amable de hacer y que los\u00a0bichos no se &hellip;<\/p>\n","protected":false},"author":1,"featured_media":240,"parent":0,"menu_order":0,"comment_status":"closed","ping_status":"closed","template":"","meta":{"footnotes":""},"class_list":["post-232","page","type-page","status-publish","has-post-thumbnail","hentry","grid-sizer"],"_links":{"self":[{"href":"https:\/\/ivonnes.fund\/es\/wp-json\/wp\/v2\/pages\/232","targetHints":{"allow":["GET"]}}],"collection":[{"href":"https:\/\/ivonnes.fund\/es\/wp-json\/wp\/v2\/pages"}],"about":[{"href":"https:\/\/ivonnes.fund\/es\/wp-json\/wp\/v2\/types\/page"}],"author":[{"embeddable":true,"href":"https:\/\/ivonnes.fund\/es\/wp-json\/wp\/v2\/users\/1"}],"replies":[{"embeddable":true,"href":"https:\/\/ivonnes.fund\/es\/wp-json\/wp\/v2\/comments?post=232"}],"version-history":[{"count":14,"href":"https:\/\/ivonnes.fund\/es\/wp-json\/wp\/v2\/pages\/232\/revisions"}],"predecessor-version":[{"id":536,"href":"https:\/\/ivonnes.fund\/es\/wp-json\/wp\/v2\/pages\/232\/revisions\/536"}],"wp:featuredmedia":[{"embeddable":true,"href":"https:\/\/ivonnes.fund\/es\/wp-json\/wp\/v2\/media\/240"}],"wp:attachment":[{"href":"https:\/\/ivonnes.fund\/es\/wp-json\/wp\/v2\/media?parent=232"}],"curies":[{"name":"wp","href":"https:\/\/api.w.org\/{rel}","templated":true}]}}