{"id":263,"date":"2017-01-03T21:41:44","date_gmt":"2017-01-03T21:41:44","guid":{"rendered":"https:\/\/ivonnes.fund\/?page_id=263"},"modified":"2017-01-03T21:41:44","modified_gmt":"2017-01-03T21:41:44","slug":"privacy-policy","status":"publish","type":"page","link":"https:\/\/ivonnes.fund\/es\/privacy-policy\/","title":{"rendered":"Pol\u00edtica de Privacidad"},"content":{"rendered":"<p>Respetamos y estamos comprometidos a proteger su privacidad. Es precisamente por esta raz\u00f3n que hemos adoptado la siguiente Pol\u00edtica de Privacidad, la cual le dejar\u00e1 saber la forma como nosotros utilizamos su informaci\u00f3n personal. Le prometemos que tomaremos los pasos necesarios para usar su informaci\u00f3n personal solo en maneras que son compatibles con nuestra pol\u00edtica. La siguiente pol\u00edtica est\u00e1 en vigencia y en vigor solo para nuestras p\u00e1ginas web, comunicados, listas y foros de discusi\u00f3n, y listas de anuncios, los cuales usted ha optado por recibir, y son operados por El Fondo de Ivonne (La red incluye sitios web y otras propiedades de medios electr\u00f3nicos en la Internet, enlazadas desde las p\u00e1ginas principales de ivonnes.fund). A continuaci\u00f3n, nuestra Pol\u00edtica de Privacidad.<\/p>\n<h2>\u00bfQu\u00e9 informaci\u00f3n estamos recolectando y de qu\u00e9 forma?<\/h2>\n<p>Cada computador u ordenador conectado a la Internet tiene un nombre \u00fanico de dominio y un conjunto de n\u00fameros que sirven como la direcci\u00f3n de esa computadora en la red, o direcci\u00f3n de protocolo de internet o IP (del ingl\u00e9s, <em>Internet Protocol<\/em>). Cuando un usuario visita una p\u00e1gina de cualquier sitio web, los servidores autom\u00e1ticamente reconocen el dominio y la direcci\u00f3n de IP que origin\u00f3 la solicitud. El nombre de dominio y la direcci\u00f3n de IP no revelan por s\u00ed mismos ninguna informaci\u00f3n personal acerca del usuario. Nosotros utilizamos esta informaci\u00f3n para examinar nuestro tr\u00e1fico en informes agregados, y para investigar cualquier uso incorrecto o no autorizado de la red El Fondo de Ivonne, de sus usuarios, o para cooperar con las autoridades legales, si as\u00ed lo requieren. Por favor lea la secci\u00f3n, \u201c\u00bfCompartir\u00e1n mi informaci\u00f3n con terceros?\u201d Nosotros no recolectamos y evaluamos esta informaci\u00f3n para conectarla con individuos espec\u00edficos. Nuestros servidores autom\u00e1ticamente registran las direcciones de correo electr\u00f3nico de nuestros visitantes, pero solamente cuando ellos han acordado prove\u00e9rnoslas.<\/p>\n<h2>\u00bfQu\u00e9 son \u201ccookies\u201d?<\/h2>\n<p>De vez en cuando, El Fondo de Ivonne o sus anunciantes pudiesen enviar una \u201ccookie\u201d a su computadora. Una \u201ccookie\u201d es un peque\u00f1o archivo de data que es enviado a su navegador de web desde el servidor web y es almacenado en el disco duro de su computadora u ordenador. Una \u201ccookie\u201d no puede leer data del disco duro de su computadora o leer otras \u201ccookies\u201d generadas por otros patrocinadores o sitios web. Las \u201ccookies\u201d no tienen el potencial de da\u00f1ar su sistema. Utilizamos \u201ccookies\u201d para identificar cu\u00e1les \u00e1reas de la red de El Fondo de Ivonne usted ha visitado o personalizado, para que as\u00ed esas p\u00e1ginas y personalizaciones est\u00e9n disponibles de inmediato. Nuestros anunciantes pudieran tambi\u00e9n utilizar \u201ccookies\u201d para determinar cu\u00e1ntas veces ha visto un aviso publicitario. Tanto nuestros anunciantes como nosotros podr\u00edamos utilizar esta informaci\u00f3n para personalizar mejor el contenido para usted, incluyendo los avisos publicitarios y promociones que usted ve en nuestro sitio web. Usted puede escoger no utilizar \u201ccookies\u201d cambiando las propiedades de su navegador web. Puede hacer que su navegador rechace todas las \u201ccookies,\u201d o si lo prefiere, que le avise cuando una \u201ccookie\u201d le es enviada. Si usted escoge el no aceptar \u201ccookies,\u201d su experiencia en nuestro sitio web y otras direcciones de Internet se ver\u00e1 disminuida y algunas funciones tal vez no est\u00e9n disponibles de tal cual como fueron dise\u00f1adas.<\/p>\n<h2>\u00bfC\u00f3mo utilizan im\u00e1genes gif claro o de p\u00edxel \u00fanico?<\/h2>\n<p>El Fondo de Ivonne y sus anunciantes pueden utilizar im\u00e1genes gif claro de p\u00edxel \u00fanico, a las cuales se les refiere en ingl\u00e9s como \u201cweb bug\u201d o \u201cweb beacon,\u201d para contar el n\u00famero de veces que se solicita una p\u00e1gina y recolectar informaci\u00f3n estad\u00edstica general. El Fondo de Ivonne no almacena informaci\u00f3n personal mediante el uso de estas im\u00e1genes. Nuestros anunciantes pudieran hacer uso de im\u00e1genes de p\u00edxel \u00fanico para recoger informaci\u00f3n de \u201ccookies\u201d que pudieran haberse almacenado anteriormente en la computadora del usuario.<\/p>\n<h2>\u00bfQu\u00e9 informaci\u00f3n recogen cuando me inscribo en alguno de sus servicios?<\/h2>\n<p>El Fondo de Ivonne ofrece acceso a algunos servicios que requieren inscripci\u00f3n. Es posible que utilicemos su informaci\u00f3n de contacto, suministrada por usted durante la inscripci\u00f3n, para enviarle notificaciones acerca de los productos y servicios de El Fondo de Ivonne por correo postal o electr\u00f3nico. No compartiremos esta informaci\u00f3n con nuestros anunciantes ni con otros clientes. Podr\u00edamos utilizar su direcci\u00f3n IP internamente con prop\u00f3sitos estad\u00edsticos pero no la compartiremos terceros. Por favor lea la secci\u00f3n titulada \u201c\u00bfCompartir\u00e1n mi informaci\u00f3n con terceros?<\/p>\n<h2>\u00bfQu\u00e9 otra informaci\u00f3n podr\u00edan solicitar?<\/h2>\n<p>Tambi\u00e9n podr\u00edamos solicitar su direcci\u00f3n de correo electr\u00f3nico y postal con el prop\u00f3sito de conducir encuestas o proveer servicios adicionales (por ejemplo, suscripciones a boletines electr\u00f3nicos, listas de anuncios, informaci\u00f3n acerca del progreso de nuestros planes). Siempre que solicitamos la identidad de un visitante indicaremos con claridad el prop\u00f3sito de la solicitud antes de que la informaci\u00f3n nos sea suministrada. Mantenemos una pol\u00edtica estricta en contra del correo no deseado (\u201cspam\u201d), lo cual significa que no vendemos, rentamos, o de ninguna otra forma proveemos de su direcci\u00f3n de correo postal o electr\u00f3nico a terceros dentro de los l\u00edmites permitidos por nuestra Pol\u00edtica de Privacidad.<\/p>\n<p>De vez en cuando podr\u00edamos enviarle correos electr\u00f3nicos anunciando informaci\u00f3n sobre El Fondo de Ivonne, con la excepci\u00f3n, tal como hemos explicado anteriormente, de que El Fondo de Ivonne no enviar\u00e1 comunicados que usted no haya acordado recibir. Si usted escoge proveernos su direcci\u00f3n postal en un formulario electr\u00f3nico, es posible que reciba correo postal de parte nuestra.<\/p>\n<p>Cuando usted se inscribe en alguno de los foros de discusi\u00f3n de El Fondo de Ivonne, su nombre o sobrenombre se registra con el \u00fanico prop\u00f3sito de mantener su propia cuenta en estos foros. La informaci\u00f3n no se utiliza para monitorear su actividad en ning\u00fan foro o para identificarle fuera de la red de El Fondo de Ivonne.<\/p>\n<p>Cuando usted utiliza servicios donde se combinan m\u00e1s de un proveedor o terceros dentro de la red de El Fondo de Ivonne, su informaci\u00f3n pudiera ser compartida con aquellos proveedores o terceros, y el uso que estos hagan de su informaci\u00f3n depender\u00e1 de sus propias pol\u00edticas de privacidad.<\/p>\n<h2>\u00bfQu\u00e9 informaci\u00f3n recogen cuando compro algo o hago un donativo?<\/h2>\n<p>Si usted compra algo de El Fondo de Ivonne, nosotros, y generalmente cualquier tercero involucrado en la transacci\u00f3n, necesitamos saber su nombre, correo electr\u00f3nico y postal, n\u00famero de tarjeta de cr\u00e9dito y fecha de expiraci\u00f3n. Esto nos permite, tanto a nosotros como a nuestros anunciantes, el procesar y completar su orden y notificarle del estado de la transacci\u00f3n. Puede que tambi\u00e9n usemos esta informaci\u00f3n para notificarle acerca de productos o servicios relacionados. La informaci\u00f3n de su correo electr\u00f3nico o postal y de su tarjeta de cr\u00e9dito no ser\u00e1 compartida o vendida a terceros bajo ninguna circunstancia sin su consentimiento escrito, excepto por aquellas provistas en esta Pol\u00edtica de Privacidad.<\/p>\n<p>Algunos servicios de El Fondo de Ivonne utilizan un carrito de compras para proteger su informaci\u00f3n mediante el uso de servidores de codificaci\u00f3n de SSL (<em>Secure Socket Layer<\/em>, por sus siglas en ingl\u00e9s). SSL codifica la informaci\u00f3n que se transfiere entre usted y nuestros servidores, convirti\u00e9ndola en ilegible a cualquiera que trate de interceptarla durante la transmisi\u00f3n. Otros servicios de El Fondo de Ivonne no utilizan SSL y por lo tanto no ofrecen una v\u00eda segura para transmitir informaci\u00f3n codificada.<\/p>\n<p>Cuando usted hace un donativo a la campa\u00f1a, su informaci\u00f3n de tarjeta de cr\u00e9dito o cheque electr\u00f3nico quedar\u00e1 almacenada en nuestro portal proveedor de pagos electr\u00f3nicos solo si usted escoge registrarse para pagos recurrentes. No se almacenar\u00e1n estos datos si hace sus donativos como persona invitada, lo cual no requiere registro. Esta informaci\u00f3n se le har\u00e1 llegar a nuestro proveedor de cuenta mercantil de manera electr\u00f3nica y autom\u00e1tica. Ambos de estos servicios se adhieren a nuestras pol\u00edticas de privacidad. En estos momentos nuestro portal proveedor de pagos es Purpose Financial y nuestro proveedor de cuenta mercantil es First Data. Estos proveedores pueden cambiarse a la entera discreci\u00f3n de El Fondo de Ivonne.<\/p>\n<p>En todo caso, cada vez que El Fondo de Ivonne recolecte informaci\u00f3n personal haremos lo posible por incluir un enlace a la Pol\u00edtica de Privacidad mantenida en esta p\u00e1gina.<\/p>\n<h2>\u00bfCompartir\u00e1n mi informaci\u00f3n con terceros?<\/h2>\n<p>El Fondo de Ivonne compartir\u00e1 informaci\u00f3n personal y\/o su direcci\u00f3n de IP cuando as\u00ed sea requerido por ley o como una acci\u00f3n de buena fe cuando tal acci\u00f3n sea necesaria para:<\/p>\n<ul>\n<li>Cooperar con las investigaciones de actividades ilegales y apegarse a los edictos de la ley o acatar cualquier proceso legal donde El Fondo de Ivonne intervenga<\/li>\n<li>Proteger y defender los derechos y la propiedad de la red de sitios de El Fondo de Ivonne y sus propiedades o a los visitantes de El Fondo de Ivonne y sus propiedades<\/li>\n<li>Identificar a personas quienes puedan estar violando la ley, el acuerdo de condiciones de uso de El Fondo de Ivonne, los derechos de terceros, o dando mal uso a la red de El Fondo de Ivonne y sus propiedades<\/li>\n<li>Completar la orden o petici\u00f3n de alg\u00fan usuario.<\/li>\n<\/ul>\n<p>El Fondo de Ivonne hace uso de precauciones razonables para mantener la informaci\u00f3n que nos es suministrada de forma segura. El Fondo de Ivonne se reserva el derecho de transferir esta informaci\u00f3n en conexi\u00f3n con la venta de los activos de capital y acciones, ya sea en parte o en su totalidad de El Fondo de Ivonne. M\u00e1s a\u00fan, no nos hacemos responsables por cualquier intrusi\u00f3n de la seguridad o por cualquier acci\u00f3n que terceros puedan tomar al recibir esta informaci\u00f3n. No nos hacemos responsables de las pol\u00edticas de privacidad de terceros o por la manera como ellos utilicen la informaci\u00f3n. Por favor lea la secci\u00f3n, \u201c\u00bfQu\u00e9 informaci\u00f3n recogen cuando me inscribo en alguno de sus servicios?\u201d<\/p>\n<h2>Pol\u00edtica de Privacidad sobre la lista de anuncios optativos opt-in<\/h2>\n<p>Como un beneficio a\u00f1adido a nuestros visitantes de la red de sitios web de El Fondo de Ivonne, podr\u00edamos enviar anuncios por correo electr\u00f3nico a aquellos individuos que as\u00ed lo soliciten. Cuando usted se inscribe para recibir un bolet\u00edn electr\u00f3nico de El Fondo de Ivonne, tambi\u00e9n se le da la oportunidad de recibir listas de anuncios. Usted tiene la opci\u00f3n de recibir o no esta lista de anuncios; s\u00f3lo recibir\u00e1 informaci\u00f3n acerca de las listas que usted escoja. Si usted escoge recibir una lista de anuncios espec\u00edfica, entonces tambi\u00e9n podr\u00e1 recibir mensajes comerciales relacionados al t\u00f3pico de la lista, provenientes de terceros con los cuales mantenemos relaciones contractuales y\/o de sus asociados. No permitiremos que la informaci\u00f3n que le identifique personalmente sea usada por JUPM o por PostMasterDirect o Google para otro prop\u00f3sito que no sea el de enviarle el anuncio electr\u00f3nico. Usted podr\u00e1 optar por no continuar recibiendo estas listas de anuncios cuando usted lo desee solicitando que su correo electr\u00f3nico sea removido de la lista, escribi\u00e9ndonos a <a href=\"mailto:&#x61;&#x64;&#x6d;&#x69;&#x6e;&#x40;&#x69;&#x76;&#x6f;&#x6e;&#x6e;&#x65;&#x73;&#x2e;&#x66;&#x75;&#x6e;&#x64;\">&#x61;&#x64;&#x6d;&#x69;&#x6e;&#x40;<span class=\"oe_displaynone\">null<\/span>&#x69;&#x76;&#x6f;&#x6e;&#x6e;&#x65;&#x73;&#x2e;&#x66;&#x75;&#x6e;&#x64;<\/a>, o siguiendo las instrucciones en los correos electr\u00f3nicos que usted reciba.<\/p>\n<h2>\u00bfQu\u00e9 m\u00e1s necesito saber sobre mi privacidad cuando me encuentro conectado en l\u00ednea?<\/h2>\n<p>La red de El Fondo de Ivonne contiene muchos hiperenlaces a sitios web de terceros. Tambi\u00e9n contiene anuncios publicitarios de terceros. El Fondo de Ivonne no se hace responsable por las pr\u00e1cticas de privacidad o el contenido de tales terceros. El Fondo de Ivonne no comparte ninguna porci\u00f3n de la informaci\u00f3n personal que usted nos provee con los terceros a los cuales enlazamos desde nuestras p\u00e1ginas, excepto que se diga lo contrario en esta Pol\u00edtica de Privacidad, a pesar de que s\u00ed pudi\u00e9ramos compartir datos agregados con terceros (tales como el n\u00famero de personas que usa nuestros sitios web). Por favor revise las pol\u00edticas de privacidad de esos sitios web.<\/p>\n<p>Por favor mantenga en mente que cualquiera sea la informaci\u00f3n personal que usted comparta en l\u00ednea \u2013 por ejemplo, mediante correo electr\u00f3nico, foros de discusi\u00f3n, o alg\u00fan otro medio \u2013 esta informaci\u00f3n pude ser interceptada, recopilada y utilizada por otros. O sea, si usted publica informaci\u00f3n personal en l\u00ednea que es accesible al p\u00fablico, usted pudiera comenzar a recibir mensajes que no solicit\u00f3 de otros.<\/p>\n<p>Finalmente, usted es el \u00fanico responsable por mantener su informaci\u00f3n personal en un lugar seguro. Por favor sea cuidadoso y responsable siempre que se encuentre en l\u00ednea navegando en la Internet.<\/p>\n<h2>Su consentimiento con este acuerdo<\/h2>\n<p>Al utilizar nuestra red, usted consiente la recolecci\u00f3n y el uso de su informaci\u00f3n por El Fondo de Ivonne y sus afiliados, tal cual como se especifica anteriormente. Si decidimos cambiar nuestra Pol\u00edtica de Privacidad, publicaremos estos cambios en esta p\u00e1gina para que siempre est\u00e9 apercibido de la informaci\u00f3n que recolectamos, c\u00f3mo la usamos, y bajo qu\u00e9 circunstancias la podr\u00edamos compartir con terceros.<\/p>\n<p>Por favor env\u00edenos cualquier pregunta o comentario acerca de la Pol\u00edtica de Privacidad de El Fondo de Ivonne a: <a href=\"mailto:&#x61;&#x64;&#x6d;&#x69;&#x6e;&#x40;&#x69;&#x76;&#x6f;&#x6e;&#x6e;&#x65;&#x73;&#x2e;&#x66;&#x75;&#x6e;&#x64;\">&#x61;&#x64;&#x6d;&#x69;&#x6e;&#x40;<span class=\"oe_displaynone\">null<\/span>&#x69;&#x76;&#x6f;&#x6e;&#x6e;&#x65;&#x73;&#x2e;&#x66;&#x75;&#x6e;&#x64;<\/a>.<\/p>","protected":false},"excerpt":{"rendered":"<p>Respetamos y estamos comprometidos a proteger su privacidad. Es precisamente por esta raz\u00f3n que hemos adoptado la siguiente Pol\u00edtica de Privacidad, la cual le dejar\u00e1 saber la forma como nosotros utilizamos su informaci\u00f3n personal. Le prometemos que tomaremos los pasos necesarios para usar su informaci\u00f3n personal solo en maneras que son compatibles con nuestra pol\u00edtica. &hellip;<\/p>\n","protected":false},"author":1,"featured_media":0,"parent":0,"menu_order":0,"comment_status":"closed","ping_status":"closed","template":"","meta":{"footnotes":""},"class_list":["post-263","page","type-page","status-publish","hentry","grid-sizer"],"_links":{"self":[{"href":"https:\/\/ivonnes.fund\/es\/wp-json\/wp\/v2\/pages\/263","targetHints":{"allow":["GET"]}}],"collection":[{"href":"https:\/\/ivonnes.fund\/es\/wp-json\/wp\/v2\/pages"}],"about":[{"href":"https:\/\/ivonnes.fund\/es\/wp-json\/wp\/v2\/types\/page"}],"author":[{"embeddable":true,"href":"https:\/\/ivonnes.fund\/es\/wp-json\/wp\/v2\/users\/1"}],"replies":[{"embeddable":true,"href":"https:\/\/ivonnes.fund\/es\/wp-json\/wp\/v2\/comments?post=263"}],"version-history":[{"count":1,"href":"https:\/\/ivonnes.fund\/es\/wp-json\/wp\/v2\/pages\/263\/revisions"}],"predecessor-version":[{"id":264,"href":"https:\/\/ivonnes.fund\/es\/wp-json\/wp\/v2\/pages\/263\/revisions\/264"}],"wp:attachment":[{"href":"https:\/\/ivonnes.fund\/es\/wp-json\/wp\/v2\/media?parent=263"}],"curies":[{"name":"wp","href":"https:\/\/api.w.org\/{rel}","templated":true}]}}